{"id":1696,"date":"2024-04-08T08:02:50","date_gmt":"2024-04-08T06:02:50","guid":{"rendered":"https:\/\/pro.idorsia.ch\/dockcheck\/"},"modified":"2026-03-31T15:58:46","modified_gmt":"2026-03-31T13:58:46","slug":"login","status":"publish","type":"page","link":"https:\/\/pro.idorsia.ch\/fr\/login\/","title":{"rendered":"DocCheck"},"content":{"rendered":"\t\t<div data-elementor-type=\"wp-page\" data-elementor-id=\"1696\" class=\"elementor elementor-1696 elementor-1477\" data-elementor-post-type=\"page\">\n\t\t\t\t<div class=\"elementor-element elementor-element-f5094a2 e-flex e-con-boxed e-con e-parent\" data-id=\"f5094a2\" data-element_type=\"container\" data-e-type=\"container\" data-settings=\"{&quot;background_background&quot;:&quot;gradient&quot;,&quot;jet_parallax_layout_list&quot;:[]}\">\n\t\t\t\t\t<div class=\"e-con-inner\">\n\t\t<div class=\"elementor-element elementor-element-18707fd e-flex e-con-boxed e-con e-child\" data-id=\"18707fd\" data-element_type=\"container\" data-e-type=\"container\" data-settings=\"{&quot;jet_parallax_layout_list&quot;:[],&quot;background_background&quot;:&quot;classic&quot;}\">\n\t\t\t\t\t<div class=\"e-con-inner\">\n\t\t\t\t<div class=\"elementor-element elementor-element-6d4cb38 elementor-widget elementor-widget-heading\" data-id=\"6d4cb38\" data-element_type=\"widget\" data-e-type=\"widget\" data-widget_type=\"heading.default\">\n\t\t\t\t<div class=\"elementor-widget-container\">\n\t\t\t\t\t<h2 class=\"elementor-heading-title elementor-size-default\">Bienvenue sur le site pro.idorsia.ch\n\n<\/h2>\t\t\t\t<\/div>\n\t\t\t\t<\/div>\n\t\t<div class=\"elementor-element elementor-element-c8167b7 e-con-full e-flex e-con e-child\" data-id=\"c8167b7\" data-element_type=\"container\" data-e-type=\"container\" data-settings=\"{&quot;background_background&quot;:&quot;classic&quot;,&quot;jet_parallax_layout_list&quot;:[]}\">\n\t\t\t\t<div class=\"elementor-element elementor-element-fd8b0cb elementor-widget elementor-widget-text-editor\" data-id=\"fd8b0cb\" data-element_type=\"widget\" data-e-type=\"widget\" data-widget_type=\"text-editor.default\">\n\t\t\t\t<div class=\"elementor-widget-container\">\n\t\t\t\t\t\t\t\t\t<p>Le contenu de ce site web est exclusivement destin\u00e9 aux professionnels de la sant\u00e9.<\/p>\n<p>Veuillez vous connecter sur notre site avec votre acc\u00e8s DocCheck.<\/p>\n\t\t\t\t\t\t\t\t<\/div>\n\t\t\t\t<\/div>\n\t\t\t\t<div class=\"elementor-element elementor-element-9b91595 elementor-widget__width-initial jedv-enabled--yes elementor-widget elementor-widget-html\" data-id=\"9b91595\" data-element_type=\"widget\" data-e-type=\"widget\" data-widget_type=\"html.default\">\n\t\t\t\t<div class=\"elementor-widget-container\">\n\t\t\t\t\t<iframe align=\"left\" frameborder=\"0\" scrolling=\"no\" width=\"467\" height=\"231\" name=\"dc_login_iframe\" id=\"dc_login_iframe\" src=\"https:\/\/login.doccheck.com\/code\/chfr\/2000000021304\/login_xl\/\" ><a href=\"https:\/\/login.doccheck.com\/code\/chfr\/2000000021304\/login_xl\/\" target=\"_blank\">LOGIN<\/a><\/iframe>\t\t\t\t<\/div>\n\t\t\t\t<\/div>\n\t\t\t\t<\/div>\n\t\t\t\t<div class=\"elementor-element elementor-element-25ed717 elementor-absolute elementor-widget elementor-widget-image\" data-id=\"25ed717\" data-element_type=\"widget\" data-e-type=\"widget\" data-settings=\"{&quot;_position&quot;:&quot;absolute&quot;}\" data-widget_type=\"image.default\">\n\t\t\t\t<div class=\"elementor-widget-container\">\n\t\t\t\t\t\t\t\t\t\t\t\t\t\t\t<img decoding=\"async\" width=\"112\" height=\"36\" src=\"https:\/\/pro.idorsia.ch\/wp-content\/uploads\/2024\/04\/idorsia_logo.svg\" class=\"attachment-large size-large wp-image-1695\" alt=\"\" \/>\t\t\t\t\t\t\t\t\t\t\t\t\t\t\t<\/div>\n\t\t\t\t<\/div>\n\t\t\t\t\t<\/div>\n\t\t\t\t<\/div>\n\t\t\t\t\t<\/div>\n\t\t\t\t<\/div>\n\t\t\t\t<\/div>\n\t\t","protected":false},"excerpt":{"rendered":"<p>Bienvenue sur le site pro.idorsia.ch Le contenu de ce site web est exclusivement destin\u00e9 aux professionnels de la sant\u00e9. Veuillez vous connecter sur notre site avec votre acc\u00e8s DocCheck. LOGIN LOGIN<\/p>\n","protected":false},"author":13,"featured_media":0,"parent":0,"menu_order":0,"comment_status":"closed","ping_status":"closed","template":"elementor_canvas","meta":{"footnotes":""},"class_list":["post-1696","page","type-page","status-publish","hentry"],"yoast_head":"<!-- This site is optimized with the Yoast SEO plugin v27.5 - https:\/\/yoast.com\/product\/yoast-seo-wordpress\/ -->\n<title>DocCheck - Idorsia CH - HCP portal<\/title>\n<meta name=\"description\" content=\"Ces informations sont exclusivement destin\u00e9es aux professionnels de sant\u00e9. En acc\u00e9dant \u00e0 ce site, vous confirmez que vous \u00eates un professionnel de sant\u00e9.\" \/>\n<meta name=\"robots\" content=\"index, follow, max-snippet:-1, max-image-preview:large, max-video-preview:-1\" \/>\n<link rel=\"canonical\" href=\"https:\/\/pro.idorsia.ch\/fr\/login\/\" \/>\n<meta property=\"og:locale\" content=\"fr_FR\" \/>\n<meta property=\"og:type\" content=\"article\" \/>\n<meta property=\"og:title\" content=\"DocCheck - Idorsia CH - HCP portal\" \/>\n<meta property=\"og:description\" content=\"Ces informations sont exclusivement destin\u00e9es aux professionnels de sant\u00e9. En acc\u00e9dant \u00e0 ce site, vous confirmez que vous \u00eates un professionnel de sant\u00e9.\" \/>\n<meta property=\"og:url\" content=\"https:\/\/pro.idorsia.ch\/fr\/login\/\" \/>\n<meta property=\"og:site_name\" content=\"Idorsia CH - HCP portal\" \/>\n<meta property=\"article:modified_time\" content=\"2026-03-31T13:58:46+00:00\" \/>\n<meta name=\"twitter:card\" content=\"summary_large_image\" \/>\n<meta name=\"twitter:label1\" content=\"Dur\u00e9e de lecture estim\u00e9e\" \/>\n\t<meta name=\"twitter:data1\" content=\"1 minute\" \/>\n<script type=\"application\/ld+json\" class=\"yoast-schema-graph\">{\"@context\":\"https:\\\/\\\/schema.org\",\"@graph\":[{\"@type\":\"WebPage\",\"@id\":\"https:\\\/\\\/pro.idorsia.ch\\\/fr\\\/login\\\/\",\"url\":\"https:\\\/\\\/pro.idorsia.ch\\\/fr\\\/login\\\/\",\"name\":\"DocCheck - Idorsia CH - HCP portal\",\"isPartOf\":{\"@id\":\"https:\\\/\\\/pro.idorsia.ch\\\/fr\\\/#website\"},\"primaryImageOfPage\":{\"@id\":\"https:\\\/\\\/pro.idorsia.ch\\\/fr\\\/login\\\/#primaryimage\"},\"image\":{\"@id\":\"https:\\\/\\\/pro.idorsia.ch\\\/fr\\\/login\\\/#primaryimage\"},\"thumbnailUrl\":\"https:\\\/\\\/pro.idorsia.ch\\\/wp-content\\\/uploads\\\/2024\\\/04\\\/idorsia_logo.svg\",\"datePublished\":\"2024-04-08T06:02:50+00:00\",\"dateModified\":\"2026-03-31T13:58:46+00:00\",\"description\":\"Ces informations sont exclusivement destin\u00e9es aux professionnels de sant\u00e9. En acc\u00e9dant \u00e0 ce site, vous confirmez que vous \u00eates un professionnel de sant\u00e9.\",\"inLanguage\":\"fr-FR\",\"potentialAction\":[{\"@type\":\"ReadAction\",\"target\":[\"https:\\\/\\\/pro.idorsia.ch\\\/fr\\\/login\\\/\"]}]},{\"@type\":\"ImageObject\",\"inLanguage\":\"fr-FR\",\"@id\":\"https:\\\/\\\/pro.idorsia.ch\\\/fr\\\/login\\\/#primaryimage\",\"url\":\"https:\\\/\\\/pro.idorsia.ch\\\/wp-content\\\/uploads\\\/2024\\\/04\\\/idorsia_logo.svg\",\"contentUrl\":\"https:\\\/\\\/pro.idorsia.ch\\\/wp-content\\\/uploads\\\/2024\\\/04\\\/idorsia_logo.svg\"},{\"@type\":\"WebSite\",\"@id\":\"https:\\\/\\\/pro.idorsia.ch\\\/fr\\\/#website\",\"url\":\"https:\\\/\\\/pro.idorsia.ch\\\/fr\\\/\",\"name\":\"Idorsia CH - HCP portal\",\"description\":\"\",\"publisher\":{\"@id\":\"https:\\\/\\\/pro.idorsia.ch\\\/fr\\\/#organization\"},\"potentialAction\":[{\"@type\":\"SearchAction\",\"target\":{\"@type\":\"EntryPoint\",\"urlTemplate\":\"https:\\\/\\\/pro.idorsia.ch\\\/fr\\\/?s={search_term_string}\"},\"query-input\":{\"@type\":\"PropertyValueSpecification\",\"valueRequired\":true,\"valueName\":\"search_term_string\"}}],\"inLanguage\":\"fr-FR\"},{\"@type\":\"Organization\",\"@id\":\"https:\\\/\\\/pro.idorsia.ch\\\/fr\\\/#organization\",\"name\":\"Idorsia CH - HCP portal\",\"url\":\"https:\\\/\\\/pro.idorsia.ch\\\/fr\\\/\",\"logo\":{\"@type\":\"ImageObject\",\"inLanguage\":\"fr-FR\",\"@id\":\"https:\\\/\\\/pro.idorsia.ch\\\/fr\\\/#\\\/schema\\\/logo\\\/image\\\/\",\"url\":\"https:\\\/\\\/pro.idorsia.ch\\\/wp-content\\\/uploads\\\/2023\\\/10\\\/idorsia_logo.svg\",\"contentUrl\":\"https:\\\/\\\/pro.idorsia.ch\\\/wp-content\\\/uploads\\\/2023\\\/10\\\/idorsia_logo.svg\",\"width\":112,\"height\":36,\"caption\":\"Idorsia CH - HCP portal\"},\"image\":{\"@id\":\"https:\\\/\\\/pro.idorsia.ch\\\/fr\\\/#\\\/schema\\\/logo\\\/image\\\/\"}}]}<\/script>\n<!-- \/ Yoast SEO plugin. -->","yoast_head_json":{"title":"DocCheck - Idorsia CH - HCP portal","description":"Ces informations sont exclusivement destin\u00e9es aux professionnels de sant\u00e9. En acc\u00e9dant \u00e0 ce site, vous confirmez que vous \u00eates un professionnel de sant\u00e9.","robots":{"index":"index","follow":"follow","max-snippet":"max-snippet:-1","max-image-preview":"max-image-preview:large","max-video-preview":"max-video-preview:-1"},"canonical":"https:\/\/pro.idorsia.ch\/fr\/login\/","og_locale":"fr_FR","og_type":"article","og_title":"DocCheck - Idorsia CH - HCP portal","og_description":"Ces informations sont exclusivement destin\u00e9es aux professionnels de sant\u00e9. En acc\u00e9dant \u00e0 ce site, vous confirmez que vous \u00eates un professionnel de sant\u00e9.","og_url":"https:\/\/pro.idorsia.ch\/fr\/login\/","og_site_name":"Idorsia CH - HCP portal","article_modified_time":"2026-03-31T13:58:46+00:00","twitter_card":"summary_large_image","twitter_misc":{"Dur\u00e9e de lecture estim\u00e9e":"1 minute"},"schema":{"@context":"https:\/\/schema.org","@graph":[{"@type":"WebPage","@id":"https:\/\/pro.idorsia.ch\/fr\/login\/","url":"https:\/\/pro.idorsia.ch\/fr\/login\/","name":"DocCheck - Idorsia CH - HCP portal","isPartOf":{"@id":"https:\/\/pro.idorsia.ch\/fr\/#website"},"primaryImageOfPage":{"@id":"https:\/\/pro.idorsia.ch\/fr\/login\/#primaryimage"},"image":{"@id":"https:\/\/pro.idorsia.ch\/fr\/login\/#primaryimage"},"thumbnailUrl":"https:\/\/pro.idorsia.ch\/wp-content\/uploads\/2024\/04\/idorsia_logo.svg","datePublished":"2024-04-08T06:02:50+00:00","dateModified":"2026-03-31T13:58:46+00:00","description":"Ces informations sont exclusivement destin\u00e9es aux professionnels de sant\u00e9. En acc\u00e9dant \u00e0 ce site, vous confirmez que vous \u00eates un professionnel de sant\u00e9.","inLanguage":"fr-FR","potentialAction":[{"@type":"ReadAction","target":["https:\/\/pro.idorsia.ch\/fr\/login\/"]}]},{"@type":"ImageObject","inLanguage":"fr-FR","@id":"https:\/\/pro.idorsia.ch\/fr\/login\/#primaryimage","url":"https:\/\/pro.idorsia.ch\/wp-content\/uploads\/2024\/04\/idorsia_logo.svg","contentUrl":"https:\/\/pro.idorsia.ch\/wp-content\/uploads\/2024\/04\/idorsia_logo.svg"},{"@type":"WebSite","@id":"https:\/\/pro.idorsia.ch\/fr\/#website","url":"https:\/\/pro.idorsia.ch\/fr\/","name":"Idorsia CH - HCP portal","description":"","publisher":{"@id":"https:\/\/pro.idorsia.ch\/fr\/#organization"},"potentialAction":[{"@type":"SearchAction","target":{"@type":"EntryPoint","urlTemplate":"https:\/\/pro.idorsia.ch\/fr\/?s={search_term_string}"},"query-input":{"@type":"PropertyValueSpecification","valueRequired":true,"valueName":"search_term_string"}}],"inLanguage":"fr-FR"},{"@type":"Organization","@id":"https:\/\/pro.idorsia.ch\/fr\/#organization","name":"Idorsia CH - HCP portal","url":"https:\/\/pro.idorsia.ch\/fr\/","logo":{"@type":"ImageObject","inLanguage":"fr-FR","@id":"https:\/\/pro.idorsia.ch\/fr\/#\/schema\/logo\/image\/","url":"https:\/\/pro.idorsia.ch\/wp-content\/uploads\/2023\/10\/idorsia_logo.svg","contentUrl":"https:\/\/pro.idorsia.ch\/wp-content\/uploads\/2023\/10\/idorsia_logo.svg","width":112,"height":36,"caption":"Idorsia CH - HCP portal"},"image":{"@id":"https:\/\/pro.idorsia.ch\/fr\/#\/schema\/logo\/image\/"}}]}},"_links":{"self":[{"href":"https:\/\/pro.idorsia.ch\/fr\/wp-json\/wp\/v2\/pages\/1696","targetHints":{"allow":["GET"]}}],"collection":[{"href":"https:\/\/pro.idorsia.ch\/fr\/wp-json\/wp\/v2\/pages"}],"about":[{"href":"https:\/\/pro.idorsia.ch\/fr\/wp-json\/wp\/v2\/types\/page"}],"author":[{"embeddable":true,"href":"https:\/\/pro.idorsia.ch\/fr\/wp-json\/wp\/v2\/users\/13"}],"replies":[{"embeddable":true,"href":"https:\/\/pro.idorsia.ch\/fr\/wp-json\/wp\/v2\/comments?post=1696"}],"version-history":[{"count":0,"href":"https:\/\/pro.idorsia.ch\/fr\/wp-json\/wp\/v2\/pages\/1696\/revisions"}],"wp:attachment":[{"href":"https:\/\/pro.idorsia.ch\/fr\/wp-json\/wp\/v2\/media?parent=1696"}],"curies":[{"name":"wp","href":"https:\/\/api.w.org\/{rel}","templated":true}]}}